{"id":2879,"date":"2024-11-05T06:46:41","date_gmt":"2024-11-05T06:46:41","guid":{"rendered":"https:\/\/dhk.fc9.myftpupload.com\/?page_id=2879"},"modified":"2024-11-06T14:44:43","modified_gmt":"2024-11-06T14:44:43","slug":"legal","status":"publish","type":"page","link":"https:\/\/alliedaviation.com\/es\/legal\/","title":{"rendered":"Legal"},"content":{"rendered":"<div data-elementor-type=\"wp-page\" data-elementor-id=\"2879\" class=\"elementor elementor-2879\" data-elementor-post-type=\"page\">\n\t\t\t\t<div class=\"elementor-element elementor-element-10b90e74 e-con-full e-flex e-con e-parent\" data-id=\"10b90e74\" data-element_type=\"container\" data-e-type=\"container\" data-settings=\"{&quot;background_background&quot;:&quot;classic&quot;}\">\n\t\t<div class=\"elementor-element elementor-element-87293da e-con-full e-flex e-con e-child\" data-id=\"87293da\" data-element_type=\"container\" data-e-type=\"container\">\n\t\t\t\t<div class=\"elementor-element elementor-element-6e15d635 elementor-widget elementor-widget-page-title\" data-id=\"6e15d635\" data-element_type=\"widget\" data-e-type=\"widget\" data-widget_type=\"page-title.default\">\n\t\t\t\t<div class=\"elementor-widget-container\">\n\t\t\t\t\t\t\t\n\t\t<div class=\"hfe-page-title hfe-page-title-wrapper elementor-widget-heading\">\n\n\t\t\t\t\t\t\t\t\t\t\t<a href=\"https:\/\/alliedaviation.com\/es\">\n\t\t\t\t\t\t<h2 class=\"elementor-heading-title elementor-size-default\">\n\t\t\t\t\t\t\t\t\n\t\t\t\tLegal  \n\t\t\t<\/h2> \n\t\t\t\t\t\t\t\t\t<\/a>\n\t\t\t\t\t<\/div>\n\t\t\t\t\t\t<\/div>\n\t\t\t\t<\/div>\n\t\t\t\t<div class=\"elementor-element elementor-element-5bfb9695 elementor-align-left elementor-widget elementor-widget-breadcrumbs\" data-id=\"5bfb9695\" data-element_type=\"widget\" data-e-type=\"widget\" data-widget_type=\"breadcrumbs.default\">\n\t\t\t\t<div class=\"elementor-widget-container\">\n\t\t\t\t\t<p id=\"breadcrumbs\"><span><span><a href=\"https:\/\/alliedaviation.com\/es\/\">Hogar<\/a><\/span><\/span><\/p>\t\t\t\t<\/div>\n\t\t\t\t<\/div>\n\t\t\t\t<\/div>\n\t\t\t\t<\/div>\n\t\t<div class=\"elementor-element elementor-element-2dd12c68 e-con-full e-transform e-flex e-con e-parent\" data-id=\"2dd12c68\" data-element_type=\"container\" data-e-type=\"container\" data-settings=\"{&quot;background_background&quot;:&quot;classic&quot;,&quot;_transform_translateX_effect&quot;:{&quot;unit&quot;:&quot;px&quot;,&quot;size&quot;:&quot;&quot;,&quot;sizes&quot;:[]},&quot;_transform_translateX_effect_tablet&quot;:{&quot;unit&quot;:&quot;px&quot;,&quot;size&quot;:&quot;&quot;,&quot;sizes&quot;:[]},&quot;_transform_translateX_effect_mobile&quot;:{&quot;unit&quot;:&quot;px&quot;,&quot;size&quot;:&quot;&quot;,&quot;sizes&quot;:[]},&quot;_transform_translateY_effect&quot;:{&quot;unit&quot;:&quot;px&quot;,&quot;size&quot;:&quot;&quot;,&quot;sizes&quot;:[]},&quot;_transform_translateY_effect_tablet&quot;:{&quot;unit&quot;:&quot;px&quot;,&quot;size&quot;:&quot;&quot;,&quot;sizes&quot;:[]},&quot;_transform_translateY_effect_mobile&quot;:{&quot;unit&quot;:&quot;px&quot;,&quot;size&quot;:&quot;&quot;,&quot;sizes&quot;:[]}}\">\n\t\t<div class=\"elementor-element elementor-element-654bfba1 e-con-full e-flex e-con e-child\" data-id=\"654bfba1\" data-element_type=\"container\" data-e-type=\"container\" data-settings=\"{&quot;background_background&quot;:&quot;classic&quot;}\">\n\t\t<div class=\"elementor-element elementor-element-50473912 e-con-full e-flex e-con e-child\" data-id=\"50473912\" data-element_type=\"container\" data-e-type=\"container\">\n\t\t\t\t<div class=\"elementor-element elementor-element-15034944 elementor-widget elementor-widget-heading\" data-id=\"15034944\" data-element_type=\"widget\" data-e-type=\"widget\" data-widget_type=\"heading.default\">\n\t\t\t\t<div class=\"elementor-widget-container\">\n\t\t\t\t\t<h4 class=\"elementor-heading-title elementor-size-default\">Legal<\/h4>\t\t\t\t<\/div>\n\t\t\t\t<\/div>\n\t\t\t\t<div class=\"elementor-element elementor-element-28f67eba elementor-widget elementor-widget-heading\" data-id=\"28f67eba\" data-element_type=\"widget\" data-e-type=\"widget\" data-widget_type=\"heading.default\">\n\t\t\t\t<div class=\"elementor-widget-container\">\n\t\t\t\t\t<h3 class=\"elementor-heading-title elementor-size-default\">Condiciones de uso de este sitio web<\/h3>\t\t\t\t<\/div>\n\t\t\t\t<\/div>\n\t\t\t\t<div class=\"elementor-element elementor-element-1ab54109 elementor-widget elementor-widget-text-editor\" data-id=\"1ab54109\" data-element_type=\"widget\" data-e-type=\"widget\" data-widget_type=\"text-editor.default\">\n\t\t\t\t<div class=\"elementor-widget-container\">\n\t\t\t\t\t\t\t\t\t<p>Su acceso y uso de este sitio web (\u201cSitio\u201d) est\u00e1 sujeto a los siguientes t\u00e9rminos y condiciones (\u201cT\u00e9rminos y Condiciones\u201d). Si no acepta estos T\u00e9rminos y Condiciones, no utilice el Sitio. Si incumple cualquiera de estos T\u00e9rminos y Condiciones, su autorizaci\u00f3n para utilizar este Sitio terminar\u00e1 autom\u00e1ticamente y deber\u00e1 destruir de inmediato cualquier material descargado o impreso. Allied Aviation Services, Inc. (\u201cAllied Aviation\u201d) se reserva el derecho de cambiar estos T\u00e9rminos y Condiciones sin previo aviso. Su uso del Sitio est\u00e1 sujeto a la versi\u00f3n m\u00e1s actualizada de los T\u00e9rminos y Condiciones publicada en el Sitio en el momento de dicho uso.<\/p>\t\t\t\t\t\t\t\t<\/div>\n\t\t\t\t<\/div>\n\t\t\t\t<\/div>\n\t\t<div class=\"elementor-element elementor-element-2b74d3cc e-con-full e-flex e-con e-child\" data-id=\"2b74d3cc\" data-element_type=\"container\" data-e-type=\"container\">\n\t\t\t\t<div class=\"elementor-element elementor-element-22a19720 elementor-widget elementor-widget-image\" data-id=\"22a19720\" data-element_type=\"widget\" data-e-type=\"widget\" data-widget_type=\"image.default\">\n\t\t\t\t<div class=\"elementor-widget-container\">\n\t\t\t\t\t\t\t\t\t\t\t\t\t\t\t<img decoding=\"async\" width=\"450\" height=\"36\" src=\"https:\/\/alliedaviation.com\/wp-content\/uploads\/2024\/08\/flags.png\" class=\"attachment-large size-large wp-image-238\" alt=\"\" srcset=\"https:\/\/alliedaviation.com\/wp-content\/uploads\/2024\/08\/flags.png 450w, https:\/\/alliedaviation.com\/wp-content\/uploads\/2024\/08\/flags-300x24.png 300w\" sizes=\"(max-width: 450px) 100vw, 450px\" \/>\t\t\t\t\t\t\t\t\t\t\t\t\t\t\t<\/div>\n\t\t\t\t<\/div>\n\t\t\t\t<\/div>\n\t\t\t\t<\/div>\n\t\t<div class=\"elementor-element elementor-element-a753177 e-con-full e-flex e-con e-child\" data-id=\"a753177\" data-element_type=\"container\" data-e-type=\"container\">\n\t\t\t\t<div class=\"elementor-element elementor-element-6ef9c69e elementor-widget elementor-widget-image\" data-id=\"6ef9c69e\" data-element_type=\"widget\" data-e-type=\"widget\" data-widget_type=\"image.default\">\n\t\t\t\t<div class=\"elementor-widget-container\">\n\t\t\t\t\t\t\t\t\t\t\t\t\t\t\t<img fetchpriority=\"high\" decoding=\"async\" width=\"800\" height=\"734\" src=\"https:\/\/alliedaviation.com\/wp-content\/uploads\/2024\/11\/legal.png\" class=\"attachment-large size-large wp-image-2892\" alt=\"\" srcset=\"https:\/\/alliedaviation.com\/wp-content\/uploads\/2024\/11\/legal.png 817w, https:\/\/alliedaviation.com\/wp-content\/uploads\/2024\/11\/legal-300x275.png 300w, https:\/\/alliedaviation.com\/wp-content\/uploads\/2024\/11\/legal-768x705.png 768w\" sizes=\"(max-width: 800px) 100vw, 800px\" \/>\t\t\t\t\t\t\t\t\t\t\t\t\t\t\t<\/div>\n\t\t\t\t<\/div>\n\t\t\t\t<\/div>\n\t\t\t\t<div class=\"elementor-element elementor-element-366165d8 elementor-absolute elementor-widget elementor-widget-image\" data-id=\"366165d8\" data-element_type=\"widget\" data-e-type=\"widget\" data-settings=\"{&quot;_position&quot;:&quot;absolute&quot;}\" data-widget_type=\"image.default\">\n\t\t\t\t<div class=\"elementor-widget-container\">\n\t\t\t\t\t\t\t\t\t\t\t\t\t\t\t<img decoding=\"async\" width=\"179\" height=\"165\" src=\"https:\/\/alliedaviation.com\/wp-content\/uploads\/2024\/08\/allide_line.png\" class=\"attachment-large size-large wp-image-302\" alt=\"\" \/>\t\t\t\t\t\t\t\t\t\t\t\t\t\t\t<\/div>\n\t\t\t\t<\/div>\n\t\t\t\t<\/div>\n\t\t<div class=\"elementor-element elementor-element-9cb9015 e-con-full e-transform e-flex e-con e-parent\" data-id=\"9cb9015\" data-element_type=\"container\" data-e-type=\"container\" data-settings=\"{&quot;background_background&quot;:&quot;classic&quot;,&quot;_transform_translateX_effect&quot;:{&quot;unit&quot;:&quot;px&quot;,&quot;size&quot;:&quot;&quot;,&quot;sizes&quot;:[]},&quot;_transform_translateX_effect_tablet&quot;:{&quot;unit&quot;:&quot;px&quot;,&quot;size&quot;:&quot;&quot;,&quot;sizes&quot;:[]},&quot;_transform_translateX_effect_mobile&quot;:{&quot;unit&quot;:&quot;px&quot;,&quot;size&quot;:&quot;&quot;,&quot;sizes&quot;:[]},&quot;_transform_translateY_effect&quot;:{&quot;unit&quot;:&quot;px&quot;,&quot;size&quot;:&quot;&quot;,&quot;sizes&quot;:[]},&quot;_transform_translateY_effect_tablet&quot;:{&quot;unit&quot;:&quot;px&quot;,&quot;size&quot;:&quot;&quot;,&quot;sizes&quot;:[]},&quot;_transform_translateY_effect_mobile&quot;:{&quot;unit&quot;:&quot;px&quot;,&quot;size&quot;:&quot;&quot;,&quot;sizes&quot;:[]}}\">\n\t\t<div class=\"elementor-element elementor-element-ea33bc1 e-con-full e-flex e-con e-child\" data-id=\"ea33bc1\" data-element_type=\"container\" data-e-type=\"container\" data-settings=\"{&quot;background_background&quot;:&quot;classic&quot;}\">\n\t\t\t\t<div class=\"elementor-element elementor-element-4ea5c29 elementor-widget elementor-widget-heading\" data-id=\"4ea5c29\" data-element_type=\"widget\" data-e-type=\"widget\" data-widget_type=\"heading.default\">\n\t\t\t\t<div class=\"elementor-widget-container\">\n\t\t\t\t\t<h2 class=\"elementor-heading-title elementor-size-default\">Uso del sitio\/Aviso de derechos de autor:<\/h2>\t\t\t\t<\/div>\n\t\t\t\t<\/div>\n\t\t\t\t<div class=\"elementor-element elementor-element-19e5c77 elementor-widget elementor-widget-text-editor\" data-id=\"19e5c77\" data-element_type=\"widget\" data-e-type=\"widget\" data-widget_type=\"text-editor.default\">\n\t\t\t\t<div class=\"elementor-widget-container\">\n\t\t\t\t\t\t\t\t\tAllied Aviation es propietaria o licenciataria de todos los materiales de este Sitio (\u201cMateriales\u201d). Los Materiales est\u00e1n protegidos por derechos de autor y\/o marcas comerciales, y cualquier uso no autorizado de los Materiales puede violar las leyes de derechos de autor, marcas comerciales y otras leyes. Usted puede ver y descargar los Materiales \u00fanicamente para su uso personal y no comercial, siempre que conserve todos los avisos de derechos de autor y otros avisos de propiedad contenidos en los Materiales o en cualquier copia de los Materiales. No puede cambiar los Materiales de ninguna manera ni reproducirlos, exhibirlos p\u00fablicamente, distribuirlos o usarlos de otra manera para ning\u00fan prop\u00f3sito p\u00fablico o comercial. Se proh\u00edbe cualquier uso de los Materiales en cualquier otro sitio web o entorno inform\u00e1tico en red para cualquier prop\u00f3sito.\t\t\t\t\t\t\t\t<\/div>\n\t\t\t\t<\/div>\n\t\t\t\t<div class=\"elementor-element elementor-element-f89a798 elementor-widget elementor-widget-heading\" data-id=\"f89a798\" data-element_type=\"widget\" data-e-type=\"widget\" data-widget_type=\"heading.default\">\n\t\t\t\t<div class=\"elementor-widget-container\">\n\t\t\t\t\t<h2 class=\"elementor-heading-title elementor-size-default\">Enlaces a otros sitios web<\/h2>\t\t\t\t<\/div>\n\t\t\t\t<\/div>\n\t\t\t\t<div class=\"elementor-element elementor-element-7dcbc08 elementor-widget elementor-widget-text-editor\" data-id=\"7dcbc08\" data-element_type=\"widget\" data-e-type=\"widget\" data-widget_type=\"text-editor.default\">\n\t\t\t\t<div class=\"elementor-widget-container\">\n\t\t\t\t\t\t\t\t\tLos enlaces a otros sitios web se proporcionan \u00fanicamente para su conveniencia. Allied Aviation no respalda dichos sitios y no es responsable de su contenido. Si decide acceder a cualquiera de los sitios vinculados a este Sitio, lo hace bajo su propio riesgo.\t\t\t\t\t\t\t\t<\/div>\n\t\t\t\t<\/div>\n\t\t\t\t<div class=\"elementor-element elementor-element-c63dacb elementor-widget elementor-widget-heading\" data-id=\"c63dacb\" data-element_type=\"widget\" data-e-type=\"widget\" data-widget_type=\"heading.default\">\n\t\t\t\t<div class=\"elementor-widget-container\">\n\t\t\t\t\t<h2 class=\"elementor-heading-title elementor-size-default\">Informaci\u00f3n del sitio y exenci\u00f3n de responsabilidad<\/h2>\t\t\t\t<\/div>\n\t\t\t\t<\/div>\n\t\t\t\t<div class=\"elementor-element elementor-element-14c70de elementor-widget elementor-widget-text-editor\" data-id=\"14c70de\" data-element_type=\"widget\" data-e-type=\"widget\" data-widget_type=\"text-editor.default\">\n\t\t\t\t<div class=\"elementor-widget-container\">\n\t\t\t\t\t\t\t\t\t<p>La informaci\u00f3n del sitio sobre los servicios de Allied Aviation, incluida su disponibilidad, apariencia y especificaciones, est\u00e1 sujeta a cambios sin previo aviso. Dicha informaci\u00f3n no constituye una declaraci\u00f3n, garant\u00eda ni otro compromiso por parte de Allied Aviation con respecto a ning\u00fan servicio y Allied Aviation renuncia por la presente a todas las garant\u00edas, expresas o impl\u00edcitas, en cuanto a la exactitud, la idoneidad para cualquier prop\u00f3sito o la integridad de los mismos.<br \/>En ning\u00fan caso Allied Aviation y sus compa\u00f1\u00edas afiliadas ser\u00e1n responsables por ning\u00fan da\u00f1o especial, indirecto o consecuente, o cualquier da\u00f1o que resulte de la p\u00e9rdida de uso o ganancias, ya sea por incumplimiento de contrato, negligencia u otra acci\u00f3n il\u00edcita o cualquier otra causa de acci\u00f3n que surja de o en conexi\u00f3n con el uso de la informaci\u00f3n disponible en este sitio.<\/p>\t\t\t\t\t\t\t\t<\/div>\n\t\t\t\t<\/div>\n\t\t\t\t<div class=\"elementor-element elementor-element-e266499 elementor-widget elementor-widget-heading\" data-id=\"e266499\" data-element_type=\"widget\" data-e-type=\"widget\" data-widget_type=\"heading.default\">\n\t\t\t\t<div class=\"elementor-widget-container\">\n\t\t\t\t\t<h2 class=\"elementor-heading-title elementor-size-default\">Leyes aplicables<\/h2>\t\t\t\t<\/div>\n\t\t\t\t<\/div>\n\t\t\t\t<div class=\"elementor-element elementor-element-f5fbc0d elementor-widget elementor-widget-text-editor\" data-id=\"f5fbc0d\" data-element_type=\"widget\" data-e-type=\"widget\" data-widget_type=\"text-editor.default\">\n\t\t\t\t<div class=\"elementor-widget-container\">\n\t\t\t\t\t\t\t\t\t<p>Estos T\u00e9rminos y Condiciones se regir\u00e1n e interpretar\u00e1n de conformidad con las leyes del Estado de Nueva York, sin dar efecto a ning\u00fan principio de derecho de conflicto.<\/p>\t\t\t\t\t\t\t\t<\/div>\n\t\t\t\t<\/div>\n\t\t\t\t<div class=\"elementor-element elementor-element-5209670 elementor-widget elementor-widget-heading\" data-id=\"5209670\" data-element_type=\"widget\" data-e-type=\"widget\" data-widget_type=\"heading.default\">\n\t\t\t\t<div class=\"elementor-widget-container\">\n\t\t\t\t\t<h2 class=\"elementor-heading-title elementor-size-default\">Marcas comerciales<\/h2>\t\t\t\t<\/div>\n\t\t\t\t<\/div>\n\t\t\t\t<div class=\"elementor-element elementor-element-e861e19 elementor-widget elementor-widget-text-editor\" data-id=\"e861e19\" data-element_type=\"widget\" data-e-type=\"widget\" data-widget_type=\"text-editor.default\">\n\t\t\t\t<div class=\"elementor-widget-container\">\n\t\t\t\t\t\t\t\t\t<p>El nombre comercial, la marca registrada, los logotipos y las marcas de servicio (colectivamente las \u201cMarcas comerciales\u201d) que se muestran en el Sitio, incluidas, entre otras, ALLIED, ALLIED AVIATION y ALLIED AVIATION (y su dise\u00f1o), son el nombre comercial y las marcas comerciales de Allied Aviation Services, Inc. y sus compa\u00f1\u00edas operativas afiliadas. ALLIED AVIATION es una marca registrada a nivel federal de Allied Aviation, LLC. Nada de lo contenido en el Sitio debe interpretarse como el otorgamiento, por implicaci\u00f3n, preclusi\u00f3n o de otro modo, de ninguna licencia o derecho para usar ninguna Marca comercial que se muestre en el Sitio sin el permiso por escrito de Allied Aviation Services, Inc. El uso indebido por su parte de las Marcas comerciales que se muestran en el Sitio o de cualquier otro contenido del Sitio est\u00e1 estrictamente prohibido.<\/p>\t\t\t\t\t\t\t\t<\/div>\n\t\t\t\t<\/div>\n\t\t\t\t<\/div>\n\t\t\t\t<div class=\"elementor-element elementor-element-37ac081 elementor-absolute elementor-widget-tablet__width-initial elementor-widget elementor-widget-image\" data-id=\"37ac081\" data-element_type=\"widget\" data-e-type=\"widget\" data-settings=\"{&quot;_position&quot;:&quot;absolute&quot;,&quot;_animation&quot;:&quot;none&quot;}\" data-widget_type=\"image.default\">\n\t\t\t\t<div class=\"elementor-widget-container\">\n\t\t\t\t\t\t\t\t\t\t\t\t\t\t\t<img loading=\"lazy\" decoding=\"async\" width=\"179\" height=\"165\" src=\"https:\/\/alliedaviation.com\/wp-content\/uploads\/2024\/08\/allide_line_white.png\" class=\"attachment-large size-large wp-image-432\" alt=\"\" \/>\t\t\t\t\t\t\t\t\t\t\t\t\t\t\t<\/div>\n\t\t\t\t<\/div>\n\t\t\t\t<\/div>\n\t\t\t\t<\/div>","protected":false},"excerpt":{"rendered":"<p>Legal Legal Terms of Use for This Web Site Your access and use of this web site (&#8220;Site&#8221;) is subject to the following terms and conditions (&#8220;Terms and Conditions&#8221;). If you do not agree to these Terms and Conditions, please do not use the Site. If you breach any of these Terms and Conditions, your [&hellip;]<\/p>\n","protected":false},"author":1,"featured_media":2902,"parent":0,"menu_order":0,"comment_status":"closed","ping_status":"closed","template":"","meta":{"_acf_changed":false,"footnotes":""},"class_list":["post-2879","page","type-page","status-publish","has-post-thumbnail","hentry"],"acf":[],"yoast_head":"<!-- This site is optimized with the Yoast SEO plugin v27.5 - https:\/\/yoast.com\/product\/yoast-seo-wordpress\/ -->\n<title>Legal - Allied Aviation Services, Inc.<\/title>\n<meta name=\"robots\" content=\"index, follow, max-snippet:-1, max-image-preview:large, max-video-preview:-1\" \/>\n<link rel=\"canonical\" href=\"https:\/\/alliedaviation.com\/es\/legal\/\" \/>\n<meta property=\"og:locale\" content=\"es_ES\" \/>\n<meta property=\"og:type\" content=\"article\" \/>\n<meta property=\"og:title\" content=\"Legal - Allied Aviation Services, Inc.\" \/>\n<meta property=\"og:description\" content=\"Legal Legal Terms of Use for This Web Site Your access and use of this web site (&#8220;Site&#8221;) is subject to the following terms and conditions (&#8220;Terms and Conditions&#8221;). If you do not agree to these Terms and Conditions, please do not use the Site. If you breach any of these Terms and Conditions, your [&hellip;]\" \/>\n<meta property=\"og:url\" content=\"https:\/\/alliedaviation.com\/es\/legal\/\" \/>\n<meta property=\"og:site_name\" content=\"Allied Aviation Services, Inc.\" \/>\n<meta property=\"article:modified_time\" content=\"2024-11-06T14:44:43+00:00\" \/>\n<meta property=\"og:image\" content=\"https:\/\/alliedaviation.com\/wp-content\/uploads\/2024\/11\/legal-banner.jpg\" \/>\n\t<meta property=\"og:image:width\" content=\"2000\" \/>\n\t<meta property=\"og:image:height\" content=\"1282\" \/>\n\t<meta property=\"og:image:type\" content=\"image\/jpeg\" \/>\n<meta name=\"twitter:card\" content=\"summary_large_image\" \/>\n<meta name=\"twitter:label1\" content=\"Tiempo de lectura\" \/>\n\t<meta name=\"twitter:data1\" content=\"4 minutos\" \/>\n<script type=\"application\/ld+json\" class=\"yoast-schema-graph\">{\"@context\":\"https:\\\/\\\/schema.org\",\"@graph\":[{\"@type\":\"WebPage\",\"@id\":\"https:\\\/\\\/alliedaviation.com\\\/legal\\\/\",\"url\":\"https:\\\/\\\/alliedaviation.com\\\/legal\\\/\",\"name\":\"Legal - Allied Aviation Services, Inc.\",\"isPartOf\":{\"@id\":\"https:\\\/\\\/alliedaviation.com\\\/#website\"},\"primaryImageOfPage\":{\"@id\":\"https:\\\/\\\/alliedaviation.com\\\/legal\\\/#primaryimage\"},\"image\":{\"@id\":\"https:\\\/\\\/alliedaviation.com\\\/legal\\\/#primaryimage\"},\"thumbnailUrl\":\"https:\\\/\\\/alliedaviation.com\\\/wp-content\\\/uploads\\\/2024\\\/11\\\/legal-banner.jpg\",\"datePublished\":\"2024-11-05T06:46:41+00:00\",\"dateModified\":\"2024-11-06T14:44:43+00:00\",\"breadcrumb\":{\"@id\":\"https:\\\/\\\/alliedaviation.com\\\/legal\\\/#breadcrumb\"},\"inLanguage\":\"es\",\"potentialAction\":[{\"@type\":\"ReadAction\",\"target\":[\"https:\\\/\\\/alliedaviation.com\\\/legal\\\/\"]}]},{\"@type\":\"ImageObject\",\"inLanguage\":\"es\",\"@id\":\"https:\\\/\\\/alliedaviation.com\\\/legal\\\/#primaryimage\",\"url\":\"https:\\\/\\\/alliedaviation.com\\\/wp-content\\\/uploads\\\/2024\\\/11\\\/legal-banner.jpg\",\"contentUrl\":\"https:\\\/\\\/alliedaviation.com\\\/wp-content\\\/uploads\\\/2024\\\/11\\\/legal-banner.jpg\",\"width\":2000,\"height\":1282},{\"@type\":\"BreadcrumbList\",\"@id\":\"https:\\\/\\\/alliedaviation.com\\\/legal\\\/#breadcrumb\",\"itemListElement\":[{\"@type\":\"ListItem\",\"position\":1,\"name\":\"Home\",\"item\":\"https:\\\/\\\/alliedaviation.com\\\/\"},{\"@type\":\"ListItem\",\"position\":2,\"name\":\"Legal\"}]},{\"@type\":\"WebSite\",\"@id\":\"https:\\\/\\\/alliedaviation.com\\\/#website\",\"url\":\"https:\\\/\\\/alliedaviation.com\\\/\",\"name\":\"Allied Aviation Services, Inc.\",\"description\":\"Aviation Fueling\",\"publisher\":{\"@id\":\"https:\\\/\\\/alliedaviation.com\\\/#organization\"},\"potentialAction\":[{\"@type\":\"SearchAction\",\"target\":{\"@type\":\"EntryPoint\",\"urlTemplate\":\"https:\\\/\\\/alliedaviation.com\\\/?s={search_term_string}\"},\"query-input\":{\"@type\":\"PropertyValueSpecification\",\"valueRequired\":true,\"valueName\":\"search_term_string\"}}],\"inLanguage\":\"es\"},{\"@type\":\"Organization\",\"@id\":\"https:\\\/\\\/alliedaviation.com\\\/#organization\",\"name\":\"Allied Aviation Services, Inc.\",\"url\":\"https:\\\/\\\/alliedaviation.com\\\/\",\"logo\":{\"@type\":\"ImageObject\",\"inLanguage\":\"es\",\"@id\":\"https:\\\/\\\/alliedaviation.com\\\/#\\\/schema\\\/logo\\\/image\\\/\",\"url\":\"https:\\\/\\\/alliedaviation.com\\\/wp-content\\\/uploads\\\/2024\\\/08\\\/logo.png\",\"contentUrl\":\"https:\\\/\\\/alliedaviation.com\\\/wp-content\\\/uploads\\\/2024\\\/08\\\/logo.png\",\"width\":263,\"height\":109,\"caption\":\"Allied Aviation Services, Inc.\"},\"image\":{\"@id\":\"https:\\\/\\\/alliedaviation.com\\\/#\\\/schema\\\/logo\\\/image\\\/\"}}]}<\/script>\n<!-- \/ Yoast SEO plugin. -->","yoast_head_json":{"title":"Legal - Allied Aviation Services, Inc.","robots":{"index":"index","follow":"follow","max-snippet":"max-snippet:-1","max-image-preview":"max-image-preview:large","max-video-preview":"max-video-preview:-1"},"canonical":"https:\/\/alliedaviation.com\/es\/legal\/","og_locale":"es_ES","og_type":"article","og_title":"Legal - Allied Aviation Services, Inc.","og_description":"Legal Legal Terms of Use for This Web Site Your access and use of this web site (&#8220;Site&#8221;) is subject to the following terms and conditions (&#8220;Terms and Conditions&#8221;). If you do not agree to these Terms and Conditions, please do not use the Site. If you breach any of these Terms and Conditions, your [&hellip;]","og_url":"https:\/\/alliedaviation.com\/es\/legal\/","og_site_name":"Allied Aviation Services, Inc.","article_modified_time":"2024-11-06T14:44:43+00:00","og_image":[{"width":2000,"height":1282,"url":"https:\/\/alliedaviation.com\/wp-content\/uploads\/2024\/11\/legal-banner.jpg","type":"image\/jpeg"}],"twitter_card":"summary_large_image","twitter_misc":{"Tiempo de lectura":"4 minutos"},"schema":{"@context":"https:\/\/schema.org","@graph":[{"@type":"WebPage","@id":"https:\/\/alliedaviation.com\/legal\/","url":"https:\/\/alliedaviation.com\/legal\/","name":"Legal - Allied Aviation Services, Inc.","isPartOf":{"@id":"https:\/\/alliedaviation.com\/#website"},"primaryImageOfPage":{"@id":"https:\/\/alliedaviation.com\/legal\/#primaryimage"},"image":{"@id":"https:\/\/alliedaviation.com\/legal\/#primaryimage"},"thumbnailUrl":"https:\/\/alliedaviation.com\/wp-content\/uploads\/2024\/11\/legal-banner.jpg","datePublished":"2024-11-05T06:46:41+00:00","dateModified":"2024-11-06T14:44:43+00:00","breadcrumb":{"@id":"https:\/\/alliedaviation.com\/legal\/#breadcrumb"},"inLanguage":"es","potentialAction":[{"@type":"ReadAction","target":["https:\/\/alliedaviation.com\/legal\/"]}]},{"@type":"ImageObject","inLanguage":"es","@id":"https:\/\/alliedaviation.com\/legal\/#primaryimage","url":"https:\/\/alliedaviation.com\/wp-content\/uploads\/2024\/11\/legal-banner.jpg","contentUrl":"https:\/\/alliedaviation.com\/wp-content\/uploads\/2024\/11\/legal-banner.jpg","width":2000,"height":1282},{"@type":"BreadcrumbList","@id":"https:\/\/alliedaviation.com\/legal\/#breadcrumb","itemListElement":[{"@type":"ListItem","position":1,"name":"Home","item":"https:\/\/alliedaviation.com\/"},{"@type":"ListItem","position":2,"name":"Legal"}]},{"@type":"WebSite","@id":"https:\/\/alliedaviation.com\/#website","url":"https:\/\/alliedaviation.com\/","name":"Allied Aviation Services, Inc.","description":"Aviation Fueling","publisher":{"@id":"https:\/\/alliedaviation.com\/#organization"},"potentialAction":[{"@type":"SearchAction","target":{"@type":"EntryPoint","urlTemplate":"https:\/\/alliedaviation.com\/?s={search_term_string}"},"query-input":{"@type":"PropertyValueSpecification","valueRequired":true,"valueName":"search_term_string"}}],"inLanguage":"es"},{"@type":"Organization","@id":"https:\/\/alliedaviation.com\/#organization","name":"Allied Aviation Services, Inc.","url":"https:\/\/alliedaviation.com\/","logo":{"@type":"ImageObject","inLanguage":"es","@id":"https:\/\/alliedaviation.com\/#\/schema\/logo\/image\/","url":"https:\/\/alliedaviation.com\/wp-content\/uploads\/2024\/08\/logo.png","contentUrl":"https:\/\/alliedaviation.com\/wp-content\/uploads\/2024\/08\/logo.png","width":263,"height":109,"caption":"Allied Aviation Services, Inc."},"image":{"@id":"https:\/\/alliedaviation.com\/#\/schema\/logo\/image\/"}}]}},"_links":{"self":[{"href":"https:\/\/alliedaviation.com\/es\/wp-json\/wp\/v2\/pages\/2879","targetHints":{"allow":["GET"]}}],"collection":[{"href":"https:\/\/alliedaviation.com\/es\/wp-json\/wp\/v2\/pages"}],"about":[{"href":"https:\/\/alliedaviation.com\/es\/wp-json\/wp\/v2\/types\/page"}],"author":[{"embeddable":true,"href":"https:\/\/alliedaviation.com\/es\/wp-json\/wp\/v2\/users\/1"}],"replies":[{"embeddable":true,"href":"https:\/\/alliedaviation.com\/es\/wp-json\/wp\/v2\/comments?post=2879"}],"version-history":[{"count":37,"href":"https:\/\/alliedaviation.com\/es\/wp-json\/wp\/v2\/pages\/2879\/revisions"}],"predecessor-version":[{"id":3044,"href":"https:\/\/alliedaviation.com\/es\/wp-json\/wp\/v2\/pages\/2879\/revisions\/3044"}],"wp:featuredmedia":[{"embeddable":true,"href":"https:\/\/alliedaviation.com\/es\/wp-json\/wp\/v2\/media\/2902"}],"wp:attachment":[{"href":"https:\/\/alliedaviation.com\/es\/wp-json\/wp\/v2\/media?parent=2879"}],"curies":[{"name":"wp","href":"https:\/\/api.w.org\/{rel}","templated":true}]}}